{"id":45,"date":"2020-11-01T06:48:18","date_gmt":"2020-11-01T06:48:18","guid":{"rendered":"http:\/\/173.249.23.136\/Pacifdespachos\/?page_id=45"},"modified":"2025-06-18T21:29:18","modified_gmt":"2025-06-19T02:29:18","slug":"inicio","status":"publish","type":"page","link":"https:\/\/www.pacificodespachos.com.pe\/","title":{"rendered":"Inicio"},"content":{"rendered":"\t\t<div data-elementor-type=\"wp-page\" data-elementor-id=\"45\" class=\"elementor elementor-45\">\n\t\t\t\t\t\t<section class=\"elementor-section elementor-top-section elementor-element elementor-element-25711d2 elementor-section-boxed elementor-section-height-default elementor-section-height-default\" data-id=\"25711d2\" data-element_type=\"section\" data-e-type=\"section\">\n\t\t\t\t\t\t<div class=\"elementor-container elementor-column-gap-default\">\n\t\t\t\t\t<div class=\"elementor-column elementor-col-50 elementor-top-column elementor-element elementor-element-9c321e3\" data-id=\"9c321e3\" data-element_type=\"column\" data-e-type=\"column\">\n\t\t\t<div class=\"elementor-widget-wrap elementor-element-populated\">\n\t\t\t\t\t\t<div class=\"elementor-element elementor-element-1cf7311 elementor-widget elementor-widget-image\" data-id=\"1cf7311\" data-element_type=\"widget\" data-e-type=\"widget\" data-widget_type=\"image.default\">\n\t\t\t\t<div class=\"elementor-widget-container\">\n\t\t\t\t\t\t\t\t\t\t\t\t<figure class=\"wp-caption\">\n\t\t\t\t\t\t\t\t\t\t\t<a href=\"https:\/\/www.pacificodespachos.com.pe\/?page_id=1404\">\n\t\t\t\t\t\t\t<img fetchpriority=\"high\" decoding=\"async\" width=\"810\" height=\"235\" src=\"https:\/\/www.pacificodespachos.com.pe\/wp-content\/uploads\/2021\/02\/importar_exportar2.jpg\" class=\"attachment-large size-large wp-image-1563\" alt=\"\" \/>\t\t\t\t\t\t\t\t<\/a>\n\t\t\t\t\t\t\t\t\t\t\t<figcaption class=\"widget-image-caption wp-caption-text\">Agenciamiento de Aduana<\/figcaption>\n\t\t\t\t\t\t\t\t\t\t<\/figure>\n\t\t\t\t\t\t\t\t\t<\/div>\n\t\t\t\t<\/div>\n\t\t\t\t\t<\/div>\n\t\t<\/div>\n\t\t\t\t<div class=\"elementor-column elementor-col-50 elementor-top-column elementor-element elementor-element-5c5cafc\" data-id=\"5c5cafc\" data-element_type=\"column\" data-e-type=\"column\">\n\t\t\t<div class=\"elementor-widget-wrap elementor-element-populated\">\n\t\t\t\t\t\t<div class=\"elementor-element elementor-element-28b4923 elementor-widget elementor-widget-image\" data-id=\"28b4923\" data-element_type=\"widget\" data-e-type=\"widget\" data-widget_type=\"image.default\">\n\t\t\t\t<div class=\"elementor-widget-container\">\n\t\t\t\t\t\t\t\t\t\t\t\t<figure class=\"wp-caption\">\n\t\t\t\t\t\t\t\t\t\t\t<a href=\"https:\/\/www.pacificodespachos.com.pe\/?page_id=1584\">\n\t\t\t\t\t\t\t<img decoding=\"async\" width=\"810\" height=\"235\" src=\"https:\/\/www.pacificodespachos.com.pe\/wp-content\/uploads\/2021\/01\/asesoria-legalajust.jpg\" class=\"attachment-large size-large wp-image-1353\" alt=\"\" \/>\t\t\t\t\t\t\t\t<\/a>\n\t\t\t\t\t\t\t\t\t\t\t<figcaption class=\"widget-image-caption wp-caption-text\">Asesor\u00eda Legal<\/figcaption>\n\t\t\t\t\t\t\t\t\t\t<\/figure>\n\t\t\t\t\t\t\t\t\t<\/div>\n\t\t\t\t<\/div>\n\t\t\t\t\t<\/div>\n\t\t<\/div>\n\t\t\t\t\t<\/div>\n\t\t<\/section>\n\t\t\t\t<section class=\"elementor-section elementor-top-section elementor-element elementor-element-3063388 elementor-section-boxed elementor-section-height-default elementor-section-height-default\" data-id=\"3063388\" data-element_type=\"section\" data-e-type=\"section\">\n\t\t\t\t\t\t<div class=\"elementor-container elementor-column-gap-default\">\n\t\t\t\t\t<div class=\"elementor-column elementor-col-33 elementor-top-column elementor-element elementor-element-c2f1580\" data-id=\"c2f1580\" data-element_type=\"column\" data-e-type=\"column\">\n\t\t\t<div class=\"elementor-widget-wrap elementor-element-populated\">\n\t\t\t\t\t\t<div class=\"elementor-element elementor-element-92d2c2a elementor-widget elementor-widget-image\" data-id=\"92d2c2a\" data-element_type=\"widget\" data-e-type=\"widget\" data-widget_type=\"image.default\">\n\t\t\t\t<div class=\"elementor-widget-container\">\n\t\t\t\t\t\t\t\t\t\t\t\t<figure class=\"wp-caption\">\n\t\t\t\t\t\t\t\t\t\t\t<a href=\"https:\/\/www.pacificodespachos.com.pe\/?page_id=1401\">\n\t\t\t\t\t\t\t<img decoding=\"async\" width=\"700\" height=\"500\" src=\"https:\/\/www.pacificodespachos.com.pe\/wp-content\/uploads\/2021\/02\/transporte_local2-2.jpg\" class=\"attachment-large size-large wp-image-1559\" alt=\"\" \/>\t\t\t\t\t\t\t\t<\/a>\n\t\t\t\t\t\t\t\t\t\t\t<figcaption class=\"widget-image-caption wp-caption-text\">Transporte Local<\/figcaption>\n\t\t\t\t\t\t\t\t\t\t<\/figure>\n\t\t\t\t\t\t\t\t\t<\/div>\n\t\t\t\t<\/div>\n\t\t\t\t\t<\/div>\n\t\t<\/div>\n\t\t\t\t<div class=\"elementor-column elementor-col-33 elementor-top-column elementor-element elementor-element-da16f25\" data-id=\"da16f25\" data-element_type=\"column\" data-e-type=\"column\">\n\t\t\t<div class=\"elementor-widget-wrap elementor-element-populated\">\n\t\t\t\t\t\t<div class=\"elementor-element elementor-element-9432cc6 elementor-widget elementor-widget-image\" data-id=\"9432cc6\" data-element_type=\"widget\" data-e-type=\"widget\" data-widget_type=\"image.default\">\n\t\t\t\t<div class=\"elementor-widget-container\">\n\t\t\t\t\t\t\t\t\t\t\t\t<figure class=\"wp-caption\">\n\t\t\t\t\t\t\t\t\t\t\t<a href=\"https:\/\/www.pacificodespachos.com.pe\/?page_id=1399\">\n\t\t\t\t\t\t\t<img loading=\"lazy\" decoding=\"async\" width=\"700\" height=\"500\" src=\"https:\/\/www.pacificodespachos.com.pe\/wp-content\/uploads\/2021\/01\/serviceLogisticIntegral.jpg\" class=\"attachment-large size-large wp-image-1358\" alt=\"\" \/>\t\t\t\t\t\t\t\t<\/a>\n\t\t\t\t\t\t\t\t\t\t\t<figcaption class=\"widget-image-caption wp-caption-text\">Servicio Log\u00edstico Integral<\/figcaption>\n\t\t\t\t\t\t\t\t\t\t<\/figure>\n\t\t\t\t\t\t\t\t\t<\/div>\n\t\t\t\t<\/div>\n\t\t\t\t\t<\/div>\n\t\t<\/div>\n\t\t\t\t<div class=\"elementor-column elementor-col-33 elementor-top-column elementor-element elementor-element-49fc10a\" data-id=\"49fc10a\" data-element_type=\"column\" data-e-type=\"column\">\n\t\t\t<div class=\"elementor-widget-wrap elementor-element-populated\">\n\t\t\t\t\t\t<div class=\"elementor-element elementor-element-f3579b5 elementor-widget elementor-widget-heading\" data-id=\"f3579b5\" data-element_type=\"widget\" data-e-type=\"widget\" data-widget_type=\"heading.default\">\n\t\t\t\t<div class=\"elementor-widget-container\">\n\t\t\t\t\t<p class=\"elementor-heading-title elementor-size-small\"><br><span style=\"font-size: 20px\">Somos una empresa que ofrece a sus clientes un servicio eficiente, en el despacho de las mercanc\u00edas que se le encarguen mediante la realizaci\u00f3n de las gestiones, tr\u00e1mites y dem\u00e1s operaciones ante la Aduanas.<\/span><br><\/p>\t\t\t\t<\/div>\n\t\t\t\t<\/div>\n\t\t\t\t<div class=\"elementor-element elementor-element-6d7a5a6 elementor-widget elementor-widget-html\" data-id=\"6d7a5a6\" data-element_type=\"widget\" data-e-type=\"widget\" data-widget_type=\"html.default\">\n\t\t\t\t<div class=\"elementor-widget-container\">\n\t\t\t\t\t<form method=\"get\" enctype=\"multipart\/form-data\" action=\"https:\/\/pacificodespachos.tracking.sumax.pe\" target='_blank' style='padding:8px;\r\n    background-color: #ebebeb;\r\n    border-color: #333333;border-radius: 0px 11px 0px 11px;'\r\n    id=\"frmL\">\r\n<input class=\"form-control\" type=\"hidden\" id=\"control\" name=\"control\" value=\"18\">\r\n                <input class=\"form-control\" type=\"hidden\" id=\"nroDocumento\" name=\"nroDocumento\" value=\"\">\r\n                <input class=\"form-control\" type=\"hidden\" id=\"dmsUser\" name=\"dmsUser\" value=\"\">\r\n                <input class=\"form-control\" type=\"hidden\" id=\"dmsPassword\" name=\"dmsPassword\" value=\"\">\r\n<div class=\"row\"><div class=\"col-sm-6  first_col\">\r\n<div >\r\n    <label id=\"fld_2472812Label\" for=\"fld_2472812_1\" class=\"control-label\">Usuario\r\n        <span aria-hidden=\"true\" class=\"field_required\" style=\"color:#ee0000;\">*<\/span><\/label>\r\n    <div class=\"\">\r\n        <input  type=\"text\" class=\" form-control\" id=\"usuario_codigo\" name=\"usuario_codigo\"\r\nstyle='font-size:12px'         value=\"\" >\r\n        <\/div>\r\n<\/div>\r\n<\/div><div class=\"col-sm-4 \"><div >\r\n    <label class=\"control-label\">Contrase\u00f1a <span aria-hidden=\"true\" role=\"presentation\" class=\"field_required\" style=\"color:#ee0000;\">*<\/span><\/label>\r\n    <div class=\"\">\r\n        <input required=\"\" type=\"password\"\r\n                class=\" form-control\" id=\"usuario_contrasena\" name=\"usuario_contrasena\"\r\nstyle='font-size:12px' value=\"\"\r\n            >\r\n           <svg id=clickme width=20 height=20 xmlns=\"http:\/\/www.w3.org\/2000\/svg\" viewBox=\"0 0 576 512\"><path d=\"M569.354 231.631C512.97 135.949 407.81 72 288 72 168.14 72 63.004 135.994 6.646 231.631a47.999 47.999 0 0 0 0 48.739C63.031 376.051 168.19 440 288 440c119.86 0 224.996-63.994 281.354-159.631a47.997 47.997 0 0 0 0-48.738zM288 392c-102.556 0-192.091-54.701-240-136 44.157-74.933 123.677-127.27 216.162-135.007C273.958 131.078 280 144.83 280 160c0 30.928-25.072 56-56 56s-56-25.072-56-56l.001-.042C157.794 179.043 152 200.844 152 224c0 75.111 60.889 136 136 136s136-60.889 136-136c0-31.031-10.4-59.629-27.895-82.515C451.704 164.638 498.009 205.106 528 256c-47.908 81.299-137.444 136-240 136z\"style=\"cursor: pointer\"\/><\/svg>\r\n            <\/div>\r\n<\/div>\r\n<\/div><div class=\"col-sm-3  last_col\"><div class=\"form-group\" id=\"fld_9708837_1-wrap\">\r\n<div style='text-align:center'>\r\n    <input class=\"btn btn-default\" type=\"submit\" value=\"Ingresar a Tracking\" data-field=\"usuario_codigo\"\r\n    id=\"btnL\"\r\nstyle='padding: 8px;\r\n    background-color: #0b7da9;\r\n    border: 1px #ebebeb;font-size:12px;margin-top:10px'>\r\n<\/div>\r\n<\/div>\r\n    <?php wp_nonce_field( 'ajax-login-nonce', 'security' ); ?>\r\n<\/div><\/div><\/form>\r\n<script>\r\n    jQuery('#clickme').on('click', function() {\r\n  jQuery('#usuario_contrasena').attr('type', function(index, attr) {\r\n    return attr == 'text' ? 'password' : 'text';\r\n  })\r\n})\r\nfunction acceso() {\r\n    jQuery('#btnL').val('Espera..Verificando');\r\n\r\n  jQuery.ajax({\r\n            type: 'POST',\r\n            dataType: 'json',\r\n            url: \"\/wp-admin\/admin-ajax.php\",\r\n            data: {\r\n                'action': 'ajaxlogin', \/\/calls wp_ajax_nopriv_ajaxlogin\r\n                'username': jQuery('#usuario_codigo').val(),\r\n                'password': jQuery('#usuario_contrasena').val(),\r\n                'security': jQuery('#login #security').val() },\r\n            success: function(data){\r\n\r\n              jQuery('#btnL').val('INGRESAR A TRACKING');\r\n                if (data.loggedin === true){\r\n                    \/\/ This line is causing the redirection. To prevent redirection\r\n                    \/\/ when the form is submitted, comment it out or remove it.\r\n                    \/\/ document.location.href =\"\/\";\r\n                }\r\n            }\r\n        });\r\n        \/\/ e.preventDefault(); \/\/ This line is commented out, but if it were active,\r\n                           \/\/ it would also prevent the form's default submission.\r\n}\r\n\r\n\/\/ To allow the form to submit normally and open the URL in a new tab,\r\n\/\/ remove the onsubmit event from the form tag and ensure no JavaScript\r\n\/\/ is preventing the default form submission behavior.\r\n\/\/ The \"acceso()\" function is still present if you intend to use it for AJAX\r\n\/\/ requests, but it will no longer block the form's default submission.\r\n\r\n\/\/ If you want the form to submit to the \"action\" URL and open in a new tab,\r\n\/\/ you simply need to remove the `onsubmit=\"acceso()\"` from your form tag.\r\n\/\/ The `target='_blank'` attribute already ensures it opens in a new tab.\r\n\r\n<\/script>\t\t\t\t<\/div>\n\t\t\t\t<\/div>\n\t\t\t\t\t<\/div>\n\t\t<\/div>\n\t\t\t\t\t<\/div>\n\t\t<\/section>\n\t\t\t\t<\/div>\n\t\t","protected":false},"excerpt":{"rendered":"<p>Agenciamiento de Aduana Asesor\u00eda Legal Transporte Local Servicio Log\u00edstico Integral Somos una empresa que ofrece a sus clientes un servicio eficiente, en el despacho de las mercanc\u00edas que se le encarguen mediante la realizaci\u00f3n de las gestiones, tr\u00e1mites y dem\u00e1s operaciones ante la Aduanas. Usuario * Contrase\u00f1a *<\/p>\n","protected":false},"author":1,"featured_media":0,"parent":0,"menu_order":0,"comment_status":"closed","ping_status":"closed","template":"elementor_header_footer","meta":{"footnotes":""},"class_list":["post-45","page","type-page","status-publish","hentry"],"_links":{"self":[{"href":"https:\/\/www.pacificodespachos.com.pe\/index.php?rest_route=\/wp\/v2\/pages\/45","targetHints":{"allow":["GET"]}}],"collection":[{"href":"https:\/\/www.pacificodespachos.com.pe\/index.php?rest_route=\/wp\/v2\/pages"}],"about":[{"href":"https:\/\/www.pacificodespachos.com.pe\/index.php?rest_route=\/wp\/v2\/types\/page"}],"author":[{"embeddable":true,"href":"https:\/\/www.pacificodespachos.com.pe\/index.php?rest_route=\/wp\/v2\/users\/1"}],"replies":[{"embeddable":true,"href":"https:\/\/www.pacificodespachos.com.pe\/index.php?rest_route=%2Fwp%2Fv2%2Fcomments&post=45"}],"version-history":[{"count":513,"href":"https:\/\/www.pacificodespachos.com.pe\/index.php?rest_route=\/wp\/v2\/pages\/45\/revisions"}],"predecessor-version":[{"id":2287,"href":"https:\/\/www.pacificodespachos.com.pe\/index.php?rest_route=\/wp\/v2\/pages\/45\/revisions\/2287"}],"wp:attachment":[{"href":"https:\/\/www.pacificodespachos.com.pe\/index.php?rest_route=%2Fwp%2Fv2%2Fmedia&parent=45"}],"curies":[{"name":"wp","href":"https:\/\/api.w.org\/{rel}","templated":true}]}}