{"id":1404,"date":"2021-01-27T05:39:00","date_gmt":"2021-01-27T05:39:00","guid":{"rendered":"http:\/\/173.249.23.136\/Pacifdespachos\/?page_id=1404"},"modified":"2021-03-01T15:47:19","modified_gmt":"2021-03-01T15:47:19","slug":"agencia-de-aduana","status":"publish","type":"page","link":"https:\/\/www.pacificodespachos.com.pe\/?page_id=1404","title":{"rendered":"Agenciamiento de Aduana"},"content":{"rendered":"\t\t<div data-elementor-type=\"wp-page\" data-elementor-id=\"1404\" class=\"elementor elementor-1404\">\n\t\t\t\t\t\t<section class=\"elementor-section elementor-top-section elementor-element elementor-element-15c51412 elementor-section-stretched elementor-section-boxed elementor-section-height-default elementor-section-height-default\" data-id=\"15c51412\" data-element_type=\"section\" data-e-type=\"section\" data-settings=\"{&quot;stretch_section&quot;:&quot;section-stretched&quot;}\">\n\t\t\t\t\t\t<div class=\"elementor-container elementor-column-gap-default\">\n\t\t\t\t\t<div class=\"elementor-column elementor-col-100 elementor-top-column elementor-element elementor-element-41ea6309\" data-id=\"41ea6309\" data-element_type=\"column\" data-e-type=\"column\">\n\t\t\t<div class=\"elementor-widget-wrap elementor-element-populated\">\n\t\t\t\t\t\t<div class=\"elementor-element elementor-element-44e85c6f elementor-widget elementor-widget-text-editor\" data-id=\"44e85c6f\" data-element_type=\"widget\" data-e-type=\"widget\" data-widget_type=\"text-editor.default\">\n\t\t\t\t<div class=\"elementor-widget-container\">\n\t\t\t\t\t\t\t\t\t<p><\/p>\n<p>Somos una agencia de aduana con presencia en el mercado desde 1948, l\u00edderes y especialistas en manejo de diversos reg\u00edmenes y productos especiales.&nbsp; Mantenemos y desarrollamos un sistema de gesti\u00f3n de calidad para brindar a nuestros clientes un servicio de primer nivel.&nbsp;<\/p>\n<p>Nuestras ventajas competitivas m\u00e1s resaltantes:&nbsp;<\/p>\n<p>\uf0fc Servicio Personalizado a trav\u00e9s de personal altamente capacitado y motivado.<br>\uf0fc Capacitaci\u00f3n constante a nuestros clientes internos y externos.<br>\uf0fc Oficinas interconectadas tecnol\u00f3gicamente entre s\u00ed.<\/p>\n<p><\/p>\t\t\t\t\t\t\t\t<\/div>\n\t\t\t\t<\/div>\n\t\t\t\t\t<\/div>\n\t\t<\/div>\n\t\t\t\t\t<\/div>\n\t\t<\/section>\n\t\t\t\t<\/div>\n\t\t","protected":false},"excerpt":{"rendered":"<p>Somos una agencia de aduana con presencia en el mercado desde 1948, l\u00edderes y especialistas en manejo de diversos reg\u00edmenes y productos especiales.&nbsp; Mantenemos y desarrollamos un sistema de gesti\u00f3n de calidad para brindar a nuestros clientes un servicio de primer nivel.&nbsp; Nuestras ventajas competitivas m\u00e1s resaltantes:&nbsp; \uf0fc Servicio Personalizado a trav\u00e9s de personal altamente [&hellip;]<\/p>\n","protected":false},"author":1,"featured_media":0,"parent":0,"menu_order":0,"comment_status":"closed","ping_status":"closed","template":"","meta":{"footnotes":""},"class_list":["post-1404","page","type-page","status-publish","hentry"],"_links":{"self":[{"href":"https:\/\/www.pacificodespachos.com.pe\/index.php?rest_route=\/wp\/v2\/pages\/1404","targetHints":{"allow":["GET"]}}],"collection":[{"href":"https:\/\/www.pacificodespachos.com.pe\/index.php?rest_route=\/wp\/v2\/pages"}],"about":[{"href":"https:\/\/www.pacificodespachos.com.pe\/index.php?rest_route=\/wp\/v2\/types\/page"}],"author":[{"embeddable":true,"href":"https:\/\/www.pacificodespachos.com.pe\/index.php?rest_route=\/wp\/v2\/users\/1"}],"replies":[{"embeddable":true,"href":"https:\/\/www.pacificodespachos.com.pe\/index.php?rest_route=%2Fwp%2Fv2%2Fcomments&post=1404"}],"version-history":[{"count":15,"href":"https:\/\/www.pacificodespachos.com.pe\/index.php?rest_route=\/wp\/v2\/pages\/1404\/revisions"}],"predecessor-version":[{"id":1594,"href":"https:\/\/www.pacificodespachos.com.pe\/index.php?rest_route=\/wp\/v2\/pages\/1404\/revisions\/1594"}],"wp:attachment":[{"href":"https:\/\/www.pacificodespachos.com.pe\/index.php?rest_route=%2Fwp%2Fv2%2Fmedia&parent=1404"}],"curies":[{"name":"wp","href":"https:\/\/api.w.org\/{rel}","templated":true}]}}