{"id":1401,"date":"2021-01-27T05:37:00","date_gmt":"2021-01-27T05:37:00","guid":{"rendered":"http:\/\/173.249.23.136\/Pacifdespachos\/?page_id=1401"},"modified":"2021-01-28T05:46:01","modified_gmt":"2021-01-28T05:46:01","slug":"transporte","status":"publish","type":"page","link":"https:\/\/www.pacificodespachos.com.pe\/?page_id=1401","title":{"rendered":"Transporte Local"},"content":{"rendered":"\t\t<div data-elementor-type=\"wp-page\" data-elementor-id=\"1401\" class=\"elementor elementor-1401\">\n\t\t\t\t\t\t<section class=\"elementor-section elementor-top-section elementor-element elementor-element-550cd1d1 elementor-section-stretched elementor-section-boxed elementor-section-height-default elementor-section-height-default\" data-id=\"550cd1d1\" data-element_type=\"section\" data-e-type=\"section\" data-settings=\"{&quot;stretch_section&quot;:&quot;section-stretched&quot;}\">\n\t\t\t\t\t\t<div class=\"elementor-container elementor-column-gap-default\">\n\t\t\t\t\t<div class=\"elementor-column elementor-col-100 elementor-top-column elementor-element elementor-element-46b9a919\" data-id=\"46b9a919\" data-element_type=\"column\" data-e-type=\"column\">\n\t\t\t<div class=\"elementor-widget-wrap elementor-element-populated\">\n\t\t\t\t\t\t<div class=\"elementor-element elementor-element-3ca4c2cb elementor-widget elementor-widget-text-editor\" data-id=\"3ca4c2cb\" data-element_type=\"widget\" data-e-type=\"widget\" data-widget_type=\"text-editor.default\">\n\t\t\t\t<div class=\"elementor-widget-container\">\n\t\t\t\t\t\t\t\t\t\n<p>Nuestra compa\u00f1\u00eda, Pacifico Transportation SAC, cumple todos los est\u00e1ndares de seguridad.<br>Contamos con personal capacitado de manera permanente en temas de seguridad y sistemas integrados de gesti\u00f3n.<br>Ofrecemos la seguridad en el trayecto de su carga gracias a nuestro proveedor de servicio de custodia, quienes cuentan con personal rigurosamente entrenado, equipado y seleccionado para la custodia de valores y transporte de mercader\u00edas.<\/p>\n\t\t\t\t\t\t\t\t<\/div>\n\t\t\t\t<\/div>\n\t\t\t\t\t<\/div>\n\t\t<\/div>\n\t\t\t\t\t<\/div>\n\t\t<\/section>\n\t\t\t\t<\/div>\n\t\t","protected":false},"excerpt":{"rendered":"<p>Nuestra compa\u00f1\u00eda, Pacifico Transportation SAC, cumple todos los est\u00e1ndares de seguridad.Contamos con personal capacitado de manera permanente en temas de seguridad y sistemas integrados de gesti\u00f3n.Ofrecemos la seguridad en el trayecto de su carga gracias a nuestro proveedor de servicio de custodia, quienes cuentan con personal rigurosamente entrenado, equipado y seleccionado para la custodia de [&hellip;]<\/p>\n","protected":false},"author":1,"featured_media":0,"parent":0,"menu_order":0,"comment_status":"closed","ping_status":"closed","template":"","meta":{"footnotes":""},"class_list":["post-1401","page","type-page","status-publish","hentry"],"_links":{"self":[{"href":"https:\/\/www.pacificodespachos.com.pe\/index.php?rest_route=\/wp\/v2\/pages\/1401","targetHints":{"allow":["GET"]}}],"collection":[{"href":"https:\/\/www.pacificodespachos.com.pe\/index.php?rest_route=\/wp\/v2\/pages"}],"about":[{"href":"https:\/\/www.pacificodespachos.com.pe\/index.php?rest_route=\/wp\/v2\/types\/page"}],"author":[{"embeddable":true,"href":"https:\/\/www.pacificodespachos.com.pe\/index.php?rest_route=\/wp\/v2\/users\/1"}],"replies":[{"embeddable":true,"href":"https:\/\/www.pacificodespachos.com.pe\/index.php?rest_route=%2Fwp%2Fv2%2Fcomments&post=1401"}],"version-history":[{"count":5,"href":"https:\/\/www.pacificodespachos.com.pe\/index.php?rest_route=\/wp\/v2\/pages\/1401\/revisions"}],"predecessor-version":[{"id":1421,"href":"https:\/\/www.pacificodespachos.com.pe\/index.php?rest_route=\/wp\/v2\/pages\/1401\/revisions\/1421"}],"wp:attachment":[{"href":"https:\/\/www.pacificodespachos.com.pe\/index.php?rest_route=%2Fwp%2Fv2%2Fmedia&parent=1401"}],"curies":[{"name":"wp","href":"https:\/\/api.w.org\/{rel}","templated":true}]}}