{"id":1399,"date":"2021-01-27T05:34:00","date_gmt":"2021-01-27T05:34:00","guid":{"rendered":"http:\/\/173.249.23.136\/Pacifdespachos\/?page_id=1399"},"modified":"2021-01-28T05:44:30","modified_gmt":"2021-01-28T05:44:30","slug":"servicio-logistico-integral","status":"publish","type":"page","link":"https:\/\/www.pacificodespachos.com.pe\/?page_id=1399","title":{"rendered":"Servicio Log\u00edstico Integral"},"content":{"rendered":"\t\t<div data-elementor-type=\"wp-page\" data-elementor-id=\"1399\" class=\"elementor elementor-1399\">\n\t\t\t\t\t\t<section class=\"elementor-section elementor-top-section elementor-element elementor-element-3304391e elementor-section-stretched elementor-section-boxed elementor-section-height-default elementor-section-height-default\" data-id=\"3304391e\" data-element_type=\"section\" data-e-type=\"section\" data-settings=\"{&quot;stretch_section&quot;:&quot;section-stretched&quot;}\">\n\t\t\t\t\t\t<div class=\"elementor-container elementor-column-gap-default\">\n\t\t\t\t\t<div class=\"elementor-column elementor-col-100 elementor-top-column elementor-element elementor-element-111f2354\" data-id=\"111f2354\" data-element_type=\"column\" data-e-type=\"column\">\n\t\t\t<div class=\"elementor-widget-wrap elementor-element-populated\">\n\t\t\t\t\t\t<div class=\"elementor-element elementor-element-22e322a0 elementor-widget elementor-widget-text-editor\" data-id=\"22e322a0\" data-element_type=\"widget\" data-e-type=\"widget\" data-widget_type=\"text-editor.default\">\n\t\t\t\t<div class=\"elementor-widget-container\">\n\t\t\t\t\t\t\t\t\t\n<p>Pensando siempre en soluciones integrales, Pacifico Despachos SAC mediante su empresa hermana Pacifico Transportation SAC, ha dise\u00f1ado un servicio totalmente flexible para atender sus necesidades y tener controlada toda la cadena log\u00edstica.<br>Nuestro equipo de profesionales est\u00e1 altamente capacitado para satisfacer los requerimientos log\u00edsticos de su empresa, ayud\u00e1ndolo a eliminar sobre costos que frecuentemente causan distorsiones en la matriz de an\u00e1lisis.<br>Hacemos seguimiento a todo el servicio involucrado en las operaciones de importaci\u00f3n y exportaci\u00f3n para su mercader\u00eda, ofreci\u00e9ndole tarifas competitivas.<\/p>\n\t\t\t\t\t\t\t\t<\/div>\n\t\t\t\t<\/div>\n\t\t\t\t\t<\/div>\n\t\t<\/div>\n\t\t\t\t\t<\/div>\n\t\t<\/section>\n\t\t\t\t<\/div>\n\t\t","protected":false},"excerpt":{"rendered":"<p>Pensando siempre en soluciones integrales, Pacifico Despachos SAC mediante su empresa hermana Pacifico Transportation SAC, ha dise\u00f1ado un servicio totalmente flexible para atender sus necesidades y tener controlada toda la cadena log\u00edstica.Nuestro equipo de profesionales est\u00e1 altamente capacitado para satisfacer los requerimientos log\u00edsticos de su empresa, ayud\u00e1ndolo a eliminar sobre costos que frecuentemente causan distorsiones [&hellip;]<\/p>\n","protected":false},"author":1,"featured_media":0,"parent":0,"menu_order":0,"comment_status":"closed","ping_status":"closed","template":"","meta":{"footnotes":""},"class_list":["post-1399","page","type-page","status-publish","hentry"],"_links":{"self":[{"href":"https:\/\/www.pacificodespachos.com.pe\/index.php?rest_route=\/wp\/v2\/pages\/1399","targetHints":{"allow":["GET"]}}],"collection":[{"href":"https:\/\/www.pacificodespachos.com.pe\/index.php?rest_route=\/wp\/v2\/pages"}],"about":[{"href":"https:\/\/www.pacificodespachos.com.pe\/index.php?rest_route=\/wp\/v2\/types\/page"}],"author":[{"embeddable":true,"href":"https:\/\/www.pacificodespachos.com.pe\/index.php?rest_route=\/wp\/v2\/users\/1"}],"replies":[{"embeddable":true,"href":"https:\/\/www.pacificodespachos.com.pe\/index.php?rest_route=%2Fwp%2Fv2%2Fcomments&post=1399"}],"version-history":[{"count":4,"href":"https:\/\/www.pacificodespachos.com.pe\/index.php?rest_route=\/wp\/v2\/pages\/1399\/revisions"}],"predecessor-version":[{"id":1415,"href":"https:\/\/www.pacificodespachos.com.pe\/index.php?rest_route=\/wp\/v2\/pages\/1399\/revisions\/1415"}],"wp:attachment":[{"href":"https:\/\/www.pacificodespachos.com.pe\/index.php?rest_route=%2Fwp%2Fv2%2Fmedia&parent=1399"}],"curies":[{"name":"wp","href":"https:\/\/api.w.org\/{rel}","templated":true}]}}